{"id":2,"date":"2020-09-12T19:31:16","date_gmt":"2020-09-12T19:31:16","guid":{"rendered":"https:\/\/ceagin.com\/?page_id=2"},"modified":"2021-01-16T19:08:48","modified_gmt":"2021-01-16T19:08:48","slug":"pagina-ejemplo","status":"publish","type":"page","link":"https:\/\/ceagin.com\/?page_id=2","title":{"rendered":"Citas"},"content":{"rendered":"\n<p>Cont\u00e1ctanos a nuestro n\u00famero <a href=\"tel:5555555555\">55 5555 5555<\/a>, escr\u00edbenos a nuestro correo <a href=\"mailto:citas@ceagin.com\">citas@ceagin.com<\/a> o cont\u00e1ctanos con este formulario y nuestro personal se pondr\u00e1 en contacto contigo para concertar una cita.<\/p>\n","protected":false},"excerpt":{"rendered":"<p>Cont\u00e1ctanos a nuestro n\u00famero 55 5555 5555, escr\u00edbenos a nuestro correo citas@ceagin.com o cont\u00e1ctanos con este formulario y nuestro personal se pondr\u00e1 en contacto contigo para concertar una cita.<\/p>\n","protected":false},"author":1,"featured_media":35,"parent":0,"menu_order":0,"comment_status":"closed","ping_status":"open","template":"page-citas.php","meta":{"_acf_changed":false,"footnotes":""},"class_list":["post-2","page","type-page","status-publish","has-post-thumbnail","hentry"],"acf":[],"_links":{"self":[{"href":"https:\/\/ceagin.com\/index.php?rest_route=\/wp\/v2\/pages\/2","targetHints":{"allow":["GET"]}}],"collection":[{"href":"https:\/\/ceagin.com\/index.php?rest_route=\/wp\/v2\/pages"}],"about":[{"href":"https:\/\/ceagin.com\/index.php?rest_route=\/wp\/v2\/types\/page"}],"author":[{"embeddable":true,"href":"https:\/\/ceagin.com\/index.php?rest_route=\/wp\/v2\/users\/1"}],"replies":[{"embeddable":true,"href":"https:\/\/ceagin.com\/index.php?rest_route=%2Fwp%2Fv2%2Fcomments&post=2"}],"version-history":[{"count":2,"href":"https:\/\/ceagin.com\/index.php?rest_route=\/wp\/v2\/pages\/2\/revisions"}],"predecessor-version":[{"id":55,"href":"https:\/\/ceagin.com\/index.php?rest_route=\/wp\/v2\/pages\/2\/revisions\/55"}],"wp:featuredmedia":[{"embeddable":true,"href":"https:\/\/ceagin.com\/index.php?rest_route=\/wp\/v2\/media\/35"}],"wp:attachment":[{"href":"https:\/\/ceagin.com\/index.php?rest_route=%2Fwp%2Fv2%2Fmedia&parent=2"}],"curies":[{"name":"wp","href":"https:\/\/api.w.org\/{rel}","templated":true}]}}